{"id":4047,"date":"2025-08-04T13:28:19","date_gmt":"2025-08-04T10:28:19","guid":{"rendered":"https:\/\/www.cilginpikseller.com\/V4\/?page_id=4047"},"modified":"2025-10-16T09:37:42","modified_gmt":"2025-10-16T06:37:42","slug":"ekibimiz","status":"publish","type":"page","link":"https:\/\/www.cilginpikseller.com\/V4\/ekibimiz\/","title":{"rendered":"Ekibimiz"},"content":{"rendered":"\t\t<div data-elementor-type=\"wp-page\" data-elementor-id=\"4047\" class=\"elementor elementor-4047\">\n\t\t\t\t\t\t<section class=\"elementor-section elementor-top-section elementor-element elementor-element-7feffae elementor-section-boxed elementor-section-height-default elementor-section-height-default sc_fly_static\" data-id=\"7feffae\" data-element_type=\"section\">\n\t\t\t\t\t\t<div class=\"elementor-container elementor-column-gap-extended\">\n\t\t\t\t\t<div class=\"elementor-column elementor-col-100 elementor-top-column elementor-element elementor-element-141d47e sc_content_align_inherit sc_layouts_column_icons_position_left sc_fly_static\" data-id=\"141d47e\" data-element_type=\"column\">\n\t\t\t<div class=\"elementor-widget-wrap elementor-element-populated\">\n\t\t\t\t\t\t<div class=\"elementor-element elementor-element-7c3a5c8 sc_height_huge sc_fly_static elementor-widget elementor-widget-spacer\" data-id=\"7c3a5c8\" data-element_type=\"widget\" data-widget_type=\"spacer.default\">\n\t\t\t\t<div class=\"elementor-widget-container\">\n\t\t\t\t\t\t\t<div class=\"elementor-spacer\">\n\t\t\t<div class=\"elementor-spacer-inner\"><\/div>\n\t\t<\/div>\n\t\t\t\t\t\t<\/div>\n\t\t\t\t<\/div>\n\t\t\t\t\t<\/div>\n\t\t<\/div>\n\t\t\t\t\t<\/div>\n\t\t<\/section>\n\t\t\t\t<section class=\"elementor-section elementor-top-section elementor-element elementor-element-3b41443 elementor-section-boxed elementor-section-height-default elementor-section-height-default sc_fly_static\" data-id=\"3b41443\" data-element_type=\"section\">\n\t\t\t\t\t\t<div class=\"elementor-container elementor-column-gap-extended\">\n\t\t\t\t\t<div class=\"elementor-column elementor-col-100 elementor-top-column elementor-element elementor-element-b98e351 sc_content_align_inherit sc_layouts_column_icons_position_left sc_fly_static\" data-id=\"b98e351\" data-element_type=\"column\">\n\t\t\t<div class=\"elementor-widget-wrap elementor-element-populated\">\n\t\t\t\t\t\t<div class=\"elementor-element elementor-element-3ce08ce sc_fly_static elementor-widget elementor-widget-trx_sc_team\" data-id=\"3ce08ce\" data-element_type=\"widget\" data-widget_type=\"trx_sc_team.default\">\n\t\t\t\t<div class=\"elementor-widget-container\">\n\t\t\t\t\t<div \t\tclass=\"sc_team sc_team_hover\"><div class=\"sc_team_columns_wrap sc_item_columns sc_item_posts_container trx_addons_columns_wrap columns_padding_bottom\"><div class=\"trx_addons_column-1_3 trx_addons_column-1_2-mobile\"><div data-post-id=\"1164\" class=\"sc_team_item sc_item_container post_container no_links has_post_thumbnail  post-1164 cpt_team type-cpt_team status-publish has-post-thumbnail hentry cpt_team_group-kurucu cpt_team_group-master-digital-marketing\">\r\n\t<div class=\"post_featured sc_team_item_thumb trx_addons_hover trx_addons_hover_style_info_anim\"><img fetchpriority=\"high\" decoding=\"async\" width=\"570\" height=\"696\" src=\"https:\/\/www.cilginpikseller.com\/V4\/wp-content\/uploads\/2020\/04\/Untitled-Capture0314-570x696.jpg\" class=\"attachment-qwery-thumb-rectangle size-qwery-thumb-rectangle wp-post-image\" alt=\"\" \/><div class=\"trx_addons_hover_team\"><h4 class=\"sc_team_item_title entry-title trx_addons_hover_title\"><a href=\"https:\/\/www.cilginpikseller.com\/V4\/ekip\/huseyin-eren\/\">H\u00fcseyin Eren<\/a><\/h4><div class=\"sc_team_item_subtitle trx_addons_hover_title\">Founder \/ Performance Marketing<\/div><div class=\"sc_team_item_socials socials_wrap trx_addons_hover_info\"><\/div><\/div><a class=\"post_link sc_team_item_link\" href=\"https:\/\/www.cilginpikseller.com\/V4\/ekip\/huseyin-eren\/\"><\/a><div class=\"trx_addons_hover_mask\"><\/div><\/div><\/div>\r\n<\/div><div class=\"trx_addons_column-1_3 trx_addons_column-1_2-mobile\"><div data-post-id=\"20330\" class=\"sc_team_item sc_item_container post_container no_links has_post_thumbnail  post-20330 cpt_team type-cpt_team status-publish has-post-thumbnail hentry cpt_team_group-art-director cpt_team_group-ortak\">\r\n\t<div class=\"post_featured sc_team_item_thumb trx_addons_hover trx_addons_hover_style_info_anim\"><img decoding=\"async\" width=\"570\" height=\"696\" src=\"https:\/\/www.cilginpikseller.com\/V4\/wp-content\/uploads\/2020\/04\/Untitled-Capture0233-570x696.jpg\" class=\"attachment-qwery-thumb-rectangle size-qwery-thumb-rectangle wp-post-image\" alt=\"\" \/><div class=\"trx_addons_hover_team\"><h4 class=\"sc_team_item_title entry-title trx_addons_hover_title\"><a href=\"https:\/\/www.cilginpikseller.com\/V4\/ekip\/mustafa-emre-eren\/\">Mustafa Emre Eren<\/a><\/h4><div class=\"sc_team_item_subtitle trx_addons_hover_title\">Owner\/ Art Director<\/div><\/div><a class=\"post_link sc_team_item_link\" href=\"https:\/\/www.cilginpikseller.com\/V4\/ekip\/mustafa-emre-eren\/\"><\/a><div class=\"trx_addons_hover_mask\"><\/div><\/div><\/div>\r\n<\/div><div class=\"trx_addons_column-1_3 trx_addons_column-1_2-mobile\"><div data-post-id=\"20335\" class=\"sc_team_item sc_item_container post_container no_links has_post_thumbnail  post-20335 cpt_team type-cpt_team status-publish has-post-thumbnail hentry cpt_team_group-ortak cpt_team_group-web-master\">\r\n\t<div class=\"post_featured sc_team_item_thumb trx_addons_hover trx_addons_hover_style_info_anim\"><img decoding=\"async\" width=\"570\" height=\"696\" src=\"https:\/\/www.cilginpikseller.com\/V4\/wp-content\/uploads\/2020\/04\/Untitled-Capture0108-570x696.jpg\" class=\"attachment-qwery-thumb-rectangle size-qwery-thumb-rectangle wp-post-image\" alt=\"\" \/><div class=\"trx_addons_hover_team\"><h4 class=\"sc_team_item_title entry-title trx_addons_hover_title\"><a href=\"https:\/\/www.cilginpikseller.com\/V4\/ekip\/engin-aygun\/\">Engin Ayg\u00fcn<\/a><\/h4><div class=\"sc_team_item_subtitle trx_addons_hover_title\">Owner \/ Web Master<\/div><\/div><a class=\"post_link sc_team_item_link\" href=\"https:\/\/www.cilginpikseller.com\/V4\/ekip\/engin-aygun\/\"><\/a><div class=\"trx_addons_hover_mask\"><\/div><\/div><\/div>\r\n<\/div><div class=\"trx_addons_column-1_3 trx_addons_column-1_2-mobile\"><div data-post-id=\"22955\" class=\"sc_team_item sc_item_container post_container no_links has_post_thumbnail  post-22955 cpt_team type-cpt_team status-publish has-post-thumbnail hentry cpt_team_group-e-ticaret-uzmani cpt_team_group-ortak\">\r\n\t<div class=\"post_featured sc_team_item_thumb trx_addons_hover trx_addons_hover_style_info_anim\"><img loading=\"lazy\" decoding=\"async\" width=\"570\" height=\"696\" src=\"https:\/\/www.cilginpikseller.com\/V4\/wp-content\/uploads\/2020\/04\/Untitled-Capture0018-570x696.jpg\" class=\"attachment-qwery-thumb-rectangle size-qwery-thumb-rectangle wp-post-image\" alt=\"\" \/><div class=\"trx_addons_hover_team\"><h4 class=\"sc_team_item_title entry-title trx_addons_hover_title\"><a href=\"https:\/\/www.cilginpikseller.com\/V4\/ekip\/adem-demirbas\/\">Adem Demirba\u015f<\/a><\/h4><div class=\"sc_team_item_subtitle trx_addons_hover_title\">E-Commerce Specialist<\/div><\/div><a class=\"post_link sc_team_item_link\" href=\"https:\/\/www.cilginpikseller.com\/V4\/ekip\/adem-demirbas\/\"><\/a><div class=\"trx_addons_hover_mask\"><\/div><\/div><\/div>\r\n<\/div><div class=\"trx_addons_column-1_3 trx_addons_column-1_2-mobile\"><div data-post-id=\"22957\" class=\"sc_team_item sc_item_container post_container no_links has_post_thumbnail  post-22957 cpt_team type-cpt_team status-publish has-post-thumbnail hentry cpt_team_group-genel-kordinator\">\r\n\t<div class=\"post_featured sc_team_item_thumb trx_addons_hover trx_addons_hover_style_info_anim\"><img loading=\"lazy\" decoding=\"async\" width=\"570\" height=\"696\" src=\"https:\/\/www.cilginpikseller.com\/V4\/wp-content\/uploads\/2025\/10\/CpEda-570x696.jpg\" class=\"attachment-qwery-thumb-rectangle size-qwery-thumb-rectangle wp-post-image\" alt=\"\" \/><div class=\"trx_addons_hover_team\"><h4 class=\"sc_team_item_title entry-title trx_addons_hover_title\"><a href=\"https:\/\/www.cilginpikseller.com\/V4\/ekip\/eda-turhan\/\">Eda Turhan<\/a><\/h4><div class=\"sc_team_item_subtitle trx_addons_hover_title\">General Coordinator<\/div><\/div><a class=\"post_link sc_team_item_link\" href=\"https:\/\/www.cilginpikseller.com\/V4\/ekip\/eda-turhan\/\"><\/a><div class=\"trx_addons_hover_mask\"><\/div><\/div><\/div>\r\n<\/div><div class=\"trx_addons_column-1_3 trx_addons_column-1_2-mobile\"><div data-post-id=\"22960\" class=\"sc_team_item sc_item_container post_container no_links has_post_thumbnail  post-22960 cpt_team type-cpt_team status-publish has-post-thumbnail hentry cpt_team_group-master-digital-marketing\">\r\n\t<div class=\"post_featured sc_team_item_thumb trx_addons_hover trx_addons_hover_style_info_anim\"><img loading=\"lazy\" decoding=\"async\" width=\"570\" height=\"696\" src=\"https:\/\/www.cilginpikseller.com\/V4\/wp-content\/uploads\/2025\/10\/Untitled-Capture0388-570x696.jpg\" class=\"attachment-qwery-thumb-rectangle size-qwery-thumb-rectangle wp-post-image\" alt=\"\" \/><div class=\"trx_addons_hover_team\"><h4 class=\"sc_team_item_title entry-title trx_addons_hover_title\"><a href=\"https:\/\/www.cilginpikseller.com\/V4\/ekip\/izel-mermer\/\">\u0130zel Mermer<\/a><\/h4><div class=\"sc_team_item_subtitle trx_addons_hover_title\">Social Media Specialist<\/div><\/div><a class=\"post_link sc_team_item_link\" href=\"https:\/\/www.cilginpikseller.com\/V4\/ekip\/izel-mermer\/\"><\/a><div class=\"trx_addons_hover_mask\"><\/div><\/div><\/div>\r\n<\/div><div class=\"trx_addons_column-1_3 trx_addons_column-1_2-mobile\"><div data-post-id=\"23202\" class=\"sc_team_item sc_item_container post_container no_links has_post_thumbnail  post-23202 cpt_team type-cpt_team status-publish has-post-thumbnail hentry cpt_team_group-stajyer\">\r\n\t<div class=\"post_featured sc_team_item_thumb trx_addons_hover trx_addons_hover_style_info_anim\"><img loading=\"lazy\" decoding=\"async\" width=\"570\" height=\"696\" src=\"https:\/\/www.cilginpikseller.com\/V4\/wp-content\/uploads\/2025\/10\/Untitled-Capture0070-570x696.jpg\" class=\"attachment-qwery-thumb-rectangle size-qwery-thumb-rectangle wp-post-image\" alt=\"\" \/><div class=\"trx_addons_hover_team\"><h4 class=\"sc_team_item_title entry-title trx_addons_hover_title\"><a href=\"https:\/\/www.cilginpikseller.com\/V4\/ekip\/yavuz-selim-oz\/\">Yavuz Selim \u00d6z<\/a><\/h4><div class=\"sc_team_item_subtitle trx_addons_hover_title\">Stajyer<\/div><\/div><a class=\"post_link sc_team_item_link\" href=\"https:\/\/www.cilginpikseller.com\/V4\/ekip\/yavuz-selim-oz\/\"><\/a><div class=\"trx_addons_hover_mask\"><\/div><\/div><\/div>\r\n<\/div><\/div><\/div>\t\t\t\t<\/div>\n\t\t\t\t<\/div>\n\t\t\t\t\t<\/div>\n\t\t<\/div>\n\t\t\t\t\t<\/div>\n\t\t<\/section>\n\t\t\t\t<\/div>\n\t\t","protected":false},"excerpt":{"rendered":"<p>H\u00fcseyin Eren Kurucu \/ Master Digital Marketing Mustafa Emre Eren Art Director \/ Ortak Engin Ayg\u00fcn Web Master \/ Ortak Adem Demirba\u015f Eda Turhan \u0130zel Mermer<\/p>\n","protected":false},"author":1,"featured_media":0,"parent":0,"menu_order":0,"comment_status":"closed","ping_status":"closed","template":"","meta":{"footnotes":""},"class_list":["post-4047","page","type-page","status-publish","hentry"],"yoast_head":"<!-- This site is optimized with the Yoast SEO plugin v27.4 - https:\/\/yoast.com\/product\/yoast-seo-wordpress\/ -->\n<title>Ekibimiz - \u00c7\u0131lg\u0131n Pikseller<\/title>\n<meta name=\"robots\" content=\"index, follow, max-snippet:-1, max-image-preview:large, max-video-preview:-1\" \/>\n<link rel=\"canonical\" href=\"https:\/\/www.cilginpikseller.com\/V4\/ekibimiz\/\" \/>\n<meta property=\"og:locale\" content=\"tr_TR\" \/>\n<meta property=\"og:type\" content=\"article\" \/>\n<meta property=\"og:title\" content=\"Ekibimiz - \u00c7\u0131lg\u0131n Pikseller\" \/>\n<meta property=\"og:description\" content=\"H\u00fcseyin Eren Kurucu \/ Master Digital Marketing Mustafa Emre Eren Art Director \/ Ortak Engin Ayg\u00fcn Web Master \/ Ortak Adem Demirba\u015f Eda Turhan \u0130zel Mermer\" \/>\n<meta property=\"og:url\" content=\"https:\/\/www.cilginpikseller.com\/V4\/ekibimiz\/\" \/>\n<meta property=\"og:site_name\" content=\"\u00c7\u0131lg\u0131n Pikseller\" \/>\n<meta property=\"article:modified_time\" content=\"2025-10-16T06:37:42+00:00\" \/>\n<meta property=\"og:image\" content=\"https:\/\/www.cilginpikseller.com\/V4\/wp-content\/uploads\/2020\/04\/Untitled-Capture0314-570x696.jpg\" \/>\n<meta name=\"twitter:card\" content=\"summary_large_image\" \/>\n<script type=\"application\/ld+json\" class=\"yoast-schema-graph\">{\"@context\":\"https:\\\/\\\/schema.org\",\"@graph\":[{\"@type\":\"WebPage\",\"@id\":\"https:\\\/\\\/www.cilginpikseller.com\\\/V4\\\/ekibimiz\\\/\",\"url\":\"https:\\\/\\\/www.cilginpikseller.com\\\/V4\\\/ekibimiz\\\/\",\"name\":\"Ekibimiz - \u00c7\u0131lg\u0131n Pikseller\",\"isPartOf\":{\"@id\":\"https:\\\/\\\/www.cilginpikseller.com\\\/V4\\\/#website\"},\"primaryImageOfPage\":{\"@id\":\"https:\\\/\\\/www.cilginpikseller.com\\\/V4\\\/ekibimiz\\\/#primaryimage\"},\"image\":{\"@id\":\"https:\\\/\\\/www.cilginpikseller.com\\\/V4\\\/ekibimiz\\\/#primaryimage\"},\"thumbnailUrl\":\"https:\\\/\\\/www.cilginpikseller.com\\\/V4\\\/wp-content\\\/uploads\\\/2020\\\/04\\\/Untitled-Capture0314-570x696.jpg\",\"datePublished\":\"2025-08-04T10:28:19+00:00\",\"dateModified\":\"2025-10-16T06:37:42+00:00\",\"breadcrumb\":{\"@id\":\"https:\\\/\\\/www.cilginpikseller.com\\\/V4\\\/ekibimiz\\\/#breadcrumb\"},\"inLanguage\":\"tr\",\"potentialAction\":[{\"@type\":\"ReadAction\",\"target\":[\"https:\\\/\\\/www.cilginpikseller.com\\\/V4\\\/ekibimiz\\\/\"]}]},{\"@type\":\"ImageObject\",\"inLanguage\":\"tr\",\"@id\":\"https:\\\/\\\/www.cilginpikseller.com\\\/V4\\\/ekibimiz\\\/#primaryimage\",\"url\":\"https:\\\/\\\/www.cilginpikseller.com\\\/V4\\\/wp-content\\\/uploads\\\/2020\\\/04\\\/Untitled-Capture0314-scaled.jpg\",\"contentUrl\":\"https:\\\/\\\/www.cilginpikseller.com\\\/V4\\\/wp-content\\\/uploads\\\/2020\\\/04\\\/Untitled-Capture0314-scaled.jpg\",\"width\":1707,\"height\":2560},{\"@type\":\"BreadcrumbList\",\"@id\":\"https:\\\/\\\/www.cilginpikseller.com\\\/V4\\\/ekibimiz\\\/#breadcrumb\",\"itemListElement\":[{\"@type\":\"ListItem\",\"position\":1,\"name\":\"Anasayfa\",\"item\":\"https:\\\/\\\/www.cilginpikseller.com\\\/V4\\\/\"},{\"@type\":\"ListItem\",\"position\":2,\"name\":\"Ekibimiz\"}]},{\"@type\":\"WebSite\",\"@id\":\"https:\\\/\\\/www.cilginpikseller.com\\\/V4\\\/#website\",\"url\":\"https:\\\/\\\/www.cilginpikseller.com\\\/V4\\\/\",\"name\":\"\u00c7\u0131lg\u0131n Pikseller\",\"description\":\"Bursa Dijital Reklam Ajans\u0131\",\"publisher\":{\"@id\":\"https:\\\/\\\/www.cilginpikseller.com\\\/V4\\\/#organization\"},\"potentialAction\":[{\"@type\":\"SearchAction\",\"target\":{\"@type\":\"EntryPoint\",\"urlTemplate\":\"https:\\\/\\\/www.cilginpikseller.com\\\/V4\\\/?s={search_term_string}\"},\"query-input\":{\"@type\":\"PropertyValueSpecification\",\"valueRequired\":true,\"valueName\":\"search_term_string\"}}],\"inLanguage\":\"tr\"},{\"@type\":\"Organization\",\"@id\":\"https:\\\/\\\/www.cilginpikseller.com\\\/V4\\\/#organization\",\"name\":\"\u00c7\u0131lg\u0131n Pikseller\",\"url\":\"https:\\\/\\\/www.cilginpikseller.com\\\/V4\\\/\",\"logo\":{\"@type\":\"ImageObject\",\"inLanguage\":\"tr\",\"@id\":\"https:\\\/\\\/www.cilginpikseller.com\\\/V4\\\/#\\\/schema\\\/logo\\\/image\\\/\",\"url\":\"https:\\\/\\\/www.cilginpikseller.com\\\/V4\\\/wp-content\\\/uploads\\\/2025\\\/04\\\/CP-LOGO.png\",\"contentUrl\":\"https:\\\/\\\/www.cilginpikseller.com\\\/V4\\\/wp-content\\\/uploads\\\/2025\\\/04\\\/CP-LOGO.png\",\"width\":2323,\"height\":2008,\"caption\":\"\u00c7\u0131lg\u0131n Pikseller\"},\"image\":{\"@id\":\"https:\\\/\\\/www.cilginpikseller.com\\\/V4\\\/#\\\/schema\\\/logo\\\/image\\\/\"}}]}<\/script>\n<!-- \/ Yoast SEO plugin. -->","yoast_head_json":{"title":"Ekibimiz - \u00c7\u0131lg\u0131n Pikseller","robots":{"index":"index","follow":"follow","max-snippet":"max-snippet:-1","max-image-preview":"max-image-preview:large","max-video-preview":"max-video-preview:-1"},"canonical":"https:\/\/www.cilginpikseller.com\/V4\/ekibimiz\/","og_locale":"tr_TR","og_type":"article","og_title":"Ekibimiz - \u00c7\u0131lg\u0131n Pikseller","og_description":"H\u00fcseyin Eren Kurucu \/ Master Digital Marketing Mustafa Emre Eren Art Director \/ Ortak Engin Ayg\u00fcn Web Master \/ Ortak Adem Demirba\u015f Eda Turhan \u0130zel Mermer","og_url":"https:\/\/www.cilginpikseller.com\/V4\/ekibimiz\/","og_site_name":"\u00c7\u0131lg\u0131n Pikseller","article_modified_time":"2025-10-16T06:37:42+00:00","og_image":[{"url":"https:\/\/www.cilginpikseller.com\/V4\/wp-content\/uploads\/2020\/04\/Untitled-Capture0314-570x696.jpg","type":"","width":"","height":""}],"twitter_card":"summary_large_image","schema":{"@context":"https:\/\/schema.org","@graph":[{"@type":"WebPage","@id":"https:\/\/www.cilginpikseller.com\/V4\/ekibimiz\/","url":"https:\/\/www.cilginpikseller.com\/V4\/ekibimiz\/","name":"Ekibimiz - \u00c7\u0131lg\u0131n Pikseller","isPartOf":{"@id":"https:\/\/www.cilginpikseller.com\/V4\/#website"},"primaryImageOfPage":{"@id":"https:\/\/www.cilginpikseller.com\/V4\/ekibimiz\/#primaryimage"},"image":{"@id":"https:\/\/www.cilginpikseller.com\/V4\/ekibimiz\/#primaryimage"},"thumbnailUrl":"https:\/\/www.cilginpikseller.com\/V4\/wp-content\/uploads\/2020\/04\/Untitled-Capture0314-570x696.jpg","datePublished":"2025-08-04T10:28:19+00:00","dateModified":"2025-10-16T06:37:42+00:00","breadcrumb":{"@id":"https:\/\/www.cilginpikseller.com\/V4\/ekibimiz\/#breadcrumb"},"inLanguage":"tr","potentialAction":[{"@type":"ReadAction","target":["https:\/\/www.cilginpikseller.com\/V4\/ekibimiz\/"]}]},{"@type":"ImageObject","inLanguage":"tr","@id":"https:\/\/www.cilginpikseller.com\/V4\/ekibimiz\/#primaryimage","url":"https:\/\/www.cilginpikseller.com\/V4\/wp-content\/uploads\/2020\/04\/Untitled-Capture0314-scaled.jpg","contentUrl":"https:\/\/www.cilginpikseller.com\/V4\/wp-content\/uploads\/2020\/04\/Untitled-Capture0314-scaled.jpg","width":1707,"height":2560},{"@type":"BreadcrumbList","@id":"https:\/\/www.cilginpikseller.com\/V4\/ekibimiz\/#breadcrumb","itemListElement":[{"@type":"ListItem","position":1,"name":"Anasayfa","item":"https:\/\/www.cilginpikseller.com\/V4\/"},{"@type":"ListItem","position":2,"name":"Ekibimiz"}]},{"@type":"WebSite","@id":"https:\/\/www.cilginpikseller.com\/V4\/#website","url":"https:\/\/www.cilginpikseller.com\/V4\/","name":"\u00c7\u0131lg\u0131n Pikseller","description":"Bursa Dijital Reklam Ajans\u0131","publisher":{"@id":"https:\/\/www.cilginpikseller.com\/V4\/#organization"},"potentialAction":[{"@type":"SearchAction","target":{"@type":"EntryPoint","urlTemplate":"https:\/\/www.cilginpikseller.com\/V4\/?s={search_term_string}"},"query-input":{"@type":"PropertyValueSpecification","valueRequired":true,"valueName":"search_term_string"}}],"inLanguage":"tr"},{"@type":"Organization","@id":"https:\/\/www.cilginpikseller.com\/V4\/#organization","name":"\u00c7\u0131lg\u0131n Pikseller","url":"https:\/\/www.cilginpikseller.com\/V4\/","logo":{"@type":"ImageObject","inLanguage":"tr","@id":"https:\/\/www.cilginpikseller.com\/V4\/#\/schema\/logo\/image\/","url":"https:\/\/www.cilginpikseller.com\/V4\/wp-content\/uploads\/2025\/04\/CP-LOGO.png","contentUrl":"https:\/\/www.cilginpikseller.com\/V4\/wp-content\/uploads\/2025\/04\/CP-LOGO.png","width":2323,"height":2008,"caption":"\u00c7\u0131lg\u0131n Pikseller"},"image":{"@id":"https:\/\/www.cilginpikseller.com\/V4\/#\/schema\/logo\/image\/"}}]}},"_links":{"self":[{"href":"https:\/\/www.cilginpikseller.com\/V4\/wp-json\/wp\/v2\/pages\/4047","targetHints":{"allow":["GET"]}}],"collection":[{"href":"https:\/\/www.cilginpikseller.com\/V4\/wp-json\/wp\/v2\/pages"}],"about":[{"href":"https:\/\/www.cilginpikseller.com\/V4\/wp-json\/wp\/v2\/types\/page"}],"author":[{"embeddable":true,"href":"https:\/\/www.cilginpikseller.com\/V4\/wp-json\/wp\/v2\/users\/1"}],"replies":[{"embeddable":true,"href":"https:\/\/www.cilginpikseller.com\/V4\/wp-json\/wp\/v2\/comments?post=4047"}],"version-history":[{"count":4,"href":"https:\/\/www.cilginpikseller.com\/V4\/wp-json\/wp\/v2\/pages\/4047\/revisions"}],"predecessor-version":[{"id":22974,"href":"https:\/\/www.cilginpikseller.com\/V4\/wp-json\/wp\/v2\/pages\/4047\/revisions\/22974"}],"wp:attachment":[{"href":"https:\/\/www.cilginpikseller.com\/V4\/wp-json\/wp\/v2\/media?parent=4047"}],"curies":[{"name":"wp","href":"https:\/\/api.w.org\/{rel}","templated":true}]}}